{"id":768,"date":"2025-07-06T05:24:39","date_gmt":"2025-07-06T05:24:39","guid":{"rendered":"https:\/\/darkviolet-fish-782043.hostingersite.com\/?post_type=product&#038;p=768"},"modified":"2025-08-30T06:25:51","modified_gmt":"2025-08-30T06:25:51","slug":"osaka-entry-tee-superdry-copy","status":"publish","type":"product","link":"https:\/\/yuiyto.com\/de\/product\/osaka-entry-tee-superdry-copy\/","title":{"rendered":"Osaka Entry Tee Superdry (Kopie)"},"content":{"rendered":"<p data-start=\"970\" data-end=\"1213\"><img loading=\"lazy\" decoding=\"async\" class=\"aligncenter wp-image-410 size-full\" src=\"https:\/\/darkviolet-fish-782043.hostingersite.com\/wp-content\/uploads\/2014\/08\/Label-Printing-Process.webp\" alt=\"\" width=\"1200\" height=\"240\" srcset=\"https:\/\/yuiyto.com\/wp-content\/uploads\/2014\/08\/Label-Printing-Process.webp 1200w, https:\/\/yuiyto.com\/wp-content\/uploads\/2014\/08\/Label-Printing-Process-600x120.webp 600w, https:\/\/yuiyto.com\/wp-content\/uploads\/2014\/08\/Label-Printing-Process-800x160.webp 800w, https:\/\/yuiyto.com\/wp-content\/uploads\/2014\/08\/Label-Printing-Process-768x154.webp 768w\" sizes=\"auto, (max-width: 1200px) 100vw, 1200px\" \/><\/p>\n<p data-start=\"970\" data-end=\"1213\">Unter <strong data-start=\"973\" data-end=\"983\">Yuiyto<\/strong>, Wir haben uns darauf spezialisiert, hochwertige kosmetische Wirkstoffe direkt von Chinas vertrauensw\u00fcrdigsten Produktionsst\u00e4tten zu liefern. Unsere 18\u03b2-Glycyrrhetins\u00e4ure ist auf \u226597% Reinheit getestet und entspricht den strengen Qualit\u00e4tskontrollprotokollen.<\/p>\n<p data-start=\"1215\" data-end=\"1257\">Wenn Sie bei Yuiyto einkaufen, profitieren Sie von:<\/p>\n<ul data-start=\"1258\" data-end=\"1503\">\n<li data-start=\"1258\" data-end=\"1300\">\n<p data-start=\"1260\" data-end=\"1300\"><strong data-start=\"1260\" data-end=\"1298\">Wettbewerbsf\u00e4hige Direktpreise ab Werk<\/strong><\/p>\n<\/li>\n<li data-start=\"1301\" data-end=\"1356\">\n<p data-start=\"1303\" data-end=\"1356\"><strong data-start=\"1303\" data-end=\"1354\">Flexible MOQ und internationale Versandoptionen<\/strong><\/p>\n<\/li>\n<li data-start=\"1357\" data-end=\"1407\">\n<p data-start=\"1359\" data-end=\"1407\"><strong data-start=\"1359\" data-end=\"1405\">Schnelle Reaktion und vollst\u00e4ndige Exportdokumentation<\/strong><\/p>\n<\/li>\n<li data-start=\"1408\" data-end=\"1453\">\n<p data-start=\"1410\" data-end=\"1453\"><strong data-start=\"1410\" data-end=\"1451\">Produktanpassung und OEM-Unterst\u00fctzung<\/strong><\/p>\n<\/li>\n<li data-start=\"1454\" data-end=\"1503\">\n<p data-start=\"1456\" data-end=\"1503\"><strong data-start=\"1456\" data-end=\"1503\">Mehrsprachige Kundenbetreuung (EN\/ES\/JP\/CN)<\/strong><\/p>\n<\/li>\n<\/ul>\n<p data-start=\"1505\" data-end=\"1764\">Mit stabilen Produktionslinien und professioneller Exporterfahrung gew\u00e4hrleistet Yuiyto eine konsistente Versorgung und die Einhaltung der weltweiten Standards f\u00fcr kosmetische Rohstoffe. Ob Sie nun ein Chemiker oder ein Auftragshersteller sind, wir sind Ihr zuverl\u00e4ssiger Partner in China.<\/p>\n<h3 data-start=\"1771\" data-end=\"1793\"><strong data-start=\"1775\" data-end=\"1793\">Spezifikationen\uff1a<\/strong><\/h3>\n<table style=\"width: 100%; border-collapse: separate; border-spacing: 1px; margin-bottom: 20px; height: 191px; overflow-x: auto;\">\n<tbody>\n<tr style=\"height: 24px; background-color: #d1d2d4;\">\n<td style=\"width: 14.17%; padding: 0px 5px; height: 24px;\">Produktname<\/td>\n<td style=\"width: 41.9702%; padding: 0px 5px; height: 24px;\">18\u03b2-Glycyrrhetins\u00e4ure (kosmetische Qualit\u00e4t)<\/td>\n<\/tr>\n<tr style=\"height: 24px; background-color: #eceded;\">\n<td style=\"width: 14.17%; padding: 0px 5px; height: 24px;\">INCI-Name<\/td>\n<td style=\"width: 41.9702%; padding: 0px 5px; height: 24px;\">Glycyrrhetins\u00e4ure<\/td>\n<\/tr>\n<tr style=\"height: 24px; background-color: #d1d2d4;\">\n<td style=\"width: 14.17%; padding: 0px 5px; height: 24px;\">CAS-Nummer<\/td>\n<td style=\"width: 41.9702%; padding: 0px 5px; height: 24px;\">471-53-4<\/td>\n<\/tr>\n<tr style=\"height: 24px; background-color: #eceded;\">\n<td style=\"width: 14.17%; padding: 0px 5px; height: 24px;\">Reinheit<\/td>\n<td style=\"width: 41.9702%; padding: 0px 5px; height: 24px;\">\u226597%<\/td>\n<\/tr>\n<tr style=\"height: 24px; background-color: #d1d2d4;\">\n<td style=\"width: 14.17%; padding: 0px 5px; height: 24px;\">Erscheinungsbild<\/td>\n<td style=\"width: 41.9702%; padding: 0px 5px; height: 24px;\">Wei\u00dfes bis gebrochen-wei\u00dfes kristallines Pulver<\/td>\n<\/tr>\n<tr style=\"height: 24px; background-color: #eceded;\">\n<td style=\"width: 14.17%; padding: 0px 5px; height: 24px;\">Pr\u00fcfverfahren<\/td>\n<td style=\"width: 41.9702%; padding: 0px 5px; height: 24px;\">Titration<\/td>\n<\/tr>\n<tr style=\"height: 24px; background-color: #d1d2d4;\">\n<td style=\"width: 14.17%; padding: 0px 5px; height: 24px;\">L\u00f6slichkeit<\/td>\n<td style=\"width: 41.9702%; padding: 0px 5px; height: 24px;\">Schwach l\u00f6slich in Wasser; l\u00f6slich in Ethanol<\/td>\n<\/tr>\n<tr style=\"height: 24px; background-color: #eceded;\">\n<td style=\"width: 14.17%; padding: 0px 5px; height: 24px;\">Klasse<\/td>\n<td style=\"width: 41.9702%; padding: 0px 5px; height: 24px;\">Kosmetische Qualit\u00e4t<\/td>\n<\/tr>\n<tr style=\"height: 24px; background-color: #d1d2d4;\">\n<td style=\"width: 14.17%; padding: 0px 5px; height: 24px;\">Haltbarkeitsdauer<\/td>\n<td style=\"width: 41.9702%; padding: 0px 5px; height: 24px;\">24 Monate<\/td>\n<\/tr>\n<tr style=\"height: 24px; background-color: #eceded;\">\n<td style=\"width: 14.17%; padding: 0px 5px; height: 24px;\">Verpackung<\/td>\n<td style=\"width: 41.9702%; padding: 0px 5px; height: 24px;\">1kg\/Aluminiumfolienbeutel, 25kg\/Fass (anpassbar)<\/td>\n<\/tr>\n<tr style=\"height: 24px; background-color: #d1d2d4;\">\n<td style=\"width: 14.17%; padding: 0px 5px; height: 24px;\">Lagerungsbedingungen<\/td>\n<td style=\"width: 41.9702%; padding: 0px 5px; height: 24px;\">Versiegelt aufbewahren, k\u00fchl und trocken lagern<\/td>\n<\/tr>\n<\/tbody>\n<\/table>\n<div class=\"_tableContainer_16hzy_1\">\n<h3 class=\"_tableWrapper_16hzy_14 group flex w-fit flex-col-reverse\" tabindex=\"-1\"><strong data-start=\"2948\" data-end=\"2976\">Funktionen und Anwendungen\uff1a<\/strong><\/h3>\n<\/div>\n<ul data-start=\"2978\" data-end=\"3279\">\n<li data-start=\"2978\" data-end=\"3037\">\n<p data-start=\"2980\" data-end=\"3037\">Reduziert Entz\u00fcndungen und allergische Reaktionen bei der Hautpflege<\/p>\n<\/li>\n<li data-start=\"3038\" data-end=\"3106\">\n<p data-start=\"3040\" data-end=\"3106\">Beruhigt R\u00f6tungen und Reizungen nach Behandlungen (Laser, Peeling)<\/p>\n<\/li>\n<li data-start=\"3107\" data-end=\"3161\">\n<p data-start=\"3109\" data-end=\"3161\">Unterst\u00fctzt Formulierungen gegen Akne und empfindliche Haut<\/p>\n<\/li>\n<li data-start=\"3162\" data-end=\"3225\">\n<p data-start=\"3164\" data-end=\"3225\">Wird in Bleichmitteln, Anti-Aging- und Barriere-Reparaturl\u00f6sungen verwendet<\/p>\n<\/li>\n<li data-start=\"3226\" data-end=\"3279\">\n<p data-start=\"3228\" data-end=\"3279\">Sowohl f\u00fcr Leave-on als auch f\u00fcr Rinse-off-Produkte geeignet<\/p>\n<\/li>\n<\/ul>\n<h3 data-start=\"3286\" data-end=\"3306\"><strong data-start=\"3290\" data-end=\"3306\">Wichtigste Vorteile\uff1a<\/strong><\/h3>\n<ul data-start=\"3308\" data-end=\"3490\">\n<li data-start=\"3308\" data-end=\"3343\">\n<p data-start=\"3310\" data-end=\"3343\">Nat\u00fcrlicher Wirkstoff aus Lakritze<\/p>\n<\/li>\n<li data-start=\"3344\" data-end=\"3378\">\n<p data-start=\"3346\" data-end=\"3378\">Hohe Reinheit und stabile Qualit\u00e4t<\/p>\n<\/li>\n<li data-start=\"3379\" data-end=\"3410\">\n<p data-start=\"3381\" data-end=\"3410\">Sicher f\u00fcr die t\u00e4gliche kosmetische Anwendung<\/p>\n<\/li>\n<li data-start=\"3411\" data-end=\"3445\">\n<p data-start=\"3413\" data-end=\"3445\">Verbessert den Hautton und die Klarheit der Haut<\/p>\n<\/li>\n<li data-start=\"3446\" data-end=\"3490\">\n<p data-start=\"3448\" data-end=\"3490\">Entspricht den weltweiten Kosmetikstandards<\/p>\n<\/li>\n<\/ul>","protected":false},"excerpt":{"rendered":"<p>Yuiyto liefert Licochalcon A 20% in kosmetischer Qualit\u00e4t, ein aus Lakritz gewonnenes Flavonoid, das f\u00fcr seine starke entz\u00fcndungshemmende und antioxidative Wirkung bekannt ist. Dieser Inhaltsstoff, der aus der sorgf\u00e4ltig ausgew\u00e4hlten Glycyrrhiza inflata-Wurzel gewonnen und durch raffinierte L\u00f6sungsmittelextraktion verarbeitet wird, ist ideal f\u00fcr beruhigende, Anti-Akne- und Barriere-Reparatur-Hautpflegeformulierungen.<\/p>\n<ul>\n<li>20% standardisiertes Licochalcon A (HPLC getestet)<\/li>\n<li>Extrahiert aus der einheimischen chinesischen S\u00fc\u00dfholzwurzel (Glycyrrhiza inflata)<\/li>\n<li>L\u00f6sungsmittelextraktion f\u00fcr hohe Reinheit und Stabilit\u00e4t<\/li>\n<li>Werksdirektlieferung mit flexiblem MOQ und weltweitem Versand<\/li>\n<li>Vollst\u00e4ndige Exportdokumentation und Musterunterst\u00fctzung verf\u00fcgbar<\/li>\n<\/ul>","protected":false},"featured_media":388,"comment_status":"open","ping_status":"closed","template":"","meta":[],"product_brand":[],"product_cat":[69],"product_tag":[24,25,26,27],"class_list":{"0":"post-768","1":"product","2":"type-product","3":"status-publish","4":"has-post-thumbnail","6":"product_cat-herbal-extracts","7":"product_tag-jeans-2","8":"product_tag-man","9":"product_tag-t-shirt","10":"product_tag-white","12":"first","13":"instock","14":"shipping-taxable","15":"product-type-simple"},"_links":{"self":[{"href":"https:\/\/yuiyto.com\/de\/wp-json\/wp\/v2\/product\/768","targetHints":{"allow":["GET"]}}],"collection":[{"href":"https:\/\/yuiyto.com\/de\/wp-json\/wp\/v2\/product"}],"about":[{"href":"https:\/\/yuiyto.com\/de\/wp-json\/wp\/v2\/types\/product"}],"replies":[{"embeddable":true,"href":"https:\/\/yuiyto.com\/de\/wp-json\/wp\/v2\/comments?post=768"}],"wp:featuredmedia":[{"embeddable":true,"href":"https:\/\/yuiyto.com\/de\/wp-json\/wp\/v2\/media\/388"}],"wp:attachment":[{"href":"https:\/\/yuiyto.com\/de\/wp-json\/wp\/v2\/media?parent=768"}],"wp:term":[{"taxonomy":"product_brand","embeddable":true,"href":"https:\/\/yuiyto.com\/de\/wp-json\/wp\/v2\/product_brand?post=768"},{"taxonomy":"product_cat","embeddable":true,"href":"https:\/\/yuiyto.com\/de\/wp-json\/wp\/v2\/product_cat?post=768"},{"taxonomy":"product_tag","embeddable":true,"href":"https:\/\/yuiyto.com\/de\/wp-json\/wp\/v2\/product_tag?post=768"}],"curies":[{"name":"wp","href":"https:\/\/api.w.org\/{rel}","templated":true}]}}