{"id":1754,"date":"2026-02-03T04:35:17","date_gmt":"2026-02-03T04:35:17","guid":{"rendered":"https:\/\/yuiyto.com\/?post_type=product&#038;p=1754"},"modified":"2026-02-03T04:35:38","modified_gmt":"2026-02-03T04:35:38","slug":"18%ce%b2-glycyrrhetinic-acid-%e2%89%a597-cosmetic-grade-copy-copy","status":"publish","type":"product","link":"https:\/\/yuiyto.com\/it\/product\/18%ce%b2-glycyrrhetinic-acid-%e2%89%a597-cosmetic-grade-copy-copy\/","title":{"rendered":"Acido 18\u03b2-glicirretico (\u226597%, grado cosmetico) (Copia) (Copia)"},"content":{"rendered":"<div class=\"row\"  id=\"row-773658106\">\n\n\t<div id=\"col-1100161427\" class=\"col small-12 large-12\"  >\n\t\t\t\t<div class=\"col-inner\"  >\n\t\t\t\n\t\t\t\n<div class=\"uxb-no-content uxb-image\">Carica immagine...<\/div>\n\t\t<\/div>\n\t\t\t\t\t<\/div>\n\n\t\n<\/div>\n<p data-start=\"854\" data-end=\"1198\">L'acido 18\u03b2-glicirretinico \u00e8 un composto triterpenoide ottenuto da <em data-start=\"919\" data-end=\"939\">Glycyrrhiza glabra<\/em> (radice di liquirizia). Rinomata per la sua <strong data-start=\"974\" data-end=\"1041\">propriet\u00e0 antinfiammatorie, antiossidanti e schiarenti della pelle<\/strong>, \u00c8 un ingrediente funzionale preferito nelle formulazioni cosmetiche ad alte prestazioni, tra cui sieri sbiancanti, creme lenitive e soluzioni anti-invecchiamento.<\/p>\n<p data-start=\"1200\" data-end=\"1389\">Yuiyto assicura che ogni lotto \u00e8 prodotto in <strong data-start=\"1242\" data-end=\"1274\">Strutture certificate GMP\/ISO<\/strong> con un rigoroso controllo di qualit\u00e0, che consente una fornitura costante ai marchi cosmetici internazionali e ai produttori OEM.<\/p>\n<h3 data-start=\"1771\" data-end=\"1793\">Caratteristiche tecniche: Specifiche<\/h3>\n<table style=\"width: 100%; border-collapse: separate; border-spacing: 1px; margin-bottom: 20px; height: 191px; overflow-x: auto;\">\n<tbody>\n<tr style=\"height: 24px; background-color: #d1d2d4;\">\n<td style=\"width: 14.17%; padding: 0px 5px; height: 24px;\">Nome del prodotto<\/td>\n<td style=\"width: 41.9702%; padding: 0px 5px; height: 24px;\">Acido 18\u03b2-glicirretico (grado cosmetico)<\/td>\n<\/tr>\n<tr style=\"height: 24px; background-color: #eceded;\">\n<td style=\"width: 14.17%; padding: 0px 5px; height: 24px;\">Nome INCI<\/td>\n<td style=\"width: 41.9702%; padding: 0px 5px; height: 24px;\">Acido glicirretico<\/td>\n<\/tr>\n<tr style=\"height: 24px; background-color: #d1d2d4;\">\n<td style=\"width: 14.17%; padding: 0px 5px; height: 24px;\">Numero CAS<\/td>\n<td style=\"width: 41.9702%; padding: 0px 5px; height: 24px;\">471-53-4<\/td>\n<\/tr>\n<tr style=\"height: 24px; background-color: #eceded;\">\n<td style=\"width: 14.17%; padding: 0px 5px; height: 24px;\">La purezza<\/td>\n<td style=\"width: 41.9702%; padding: 0px 5px; height: 24px;\">\u226597%<\/td>\n<\/tr>\n<tr style=\"height: 24px; background-color: #d1d2d4;\">\n<td style=\"width: 14.17%; padding: 0px 5px; height: 24px;\">Aspetto<\/td>\n<td style=\"width: 41.9702%; padding: 0px 5px; height: 24px;\">Polvere cristallina da bianca a biancastra<\/td>\n<\/tr>\n<tr style=\"height: 24px; background-color: #eceded;\">\n<td style=\"width: 14.17%; padding: 0px 5px; height: 24px;\">Metodo di prova<\/td>\n<td style=\"width: 41.9702%; padding: 0px 5px; height: 24px;\">Titolazione \/ HPLC<\/td>\n<\/tr>\n<tr style=\"height: 24px; background-color: #d1d2d4;\">\n<td style=\"width: 14.17%; padding: 0px 5px; height: 24px;\">Solubilit\u00e0<\/td>\n<td style=\"width: 41.9702%; padding: 0px 5px; height: 24px;\">Leggermente solubile in acqua; solubile in etanolo<\/td>\n<\/tr>\n<tr style=\"height: 24px; background-color: #eceded;\">\n<td style=\"width: 14.17%; padding: 0px 5px; height: 24px;\">Grado<\/td>\n<td style=\"width: 41.9702%; padding: 0px 5px; height: 24px;\">Grado cosmetico<\/td>\n<\/tr>\n<tr style=\"height: 24px; background-color: #d1d2d4;\">\n<td style=\"width: 14.17%; padding: 0px 5px; height: 24px;\">Durata di conservazione<\/td>\n<td style=\"width: 41.9702%; padding: 0px 5px; height: 24px;\">24 mesi<\/td>\n<\/tr>\n<tr style=\"height: 24px; background-color: #eceded;\">\n<td style=\"width: 14.17%; padding: 0px 5px; height: 24px;\">Imballaggio<\/td>\n<td style=\"width: 41.9702%; padding: 0px 5px; height: 24px;\">1kg\/sacchetto in foglio di alluminio, 25kg\/tamburo (personalizzabile)<\/td>\n<\/tr>\n<tr style=\"height: 24px; background-color: #d1d2d4;\">\n<td style=\"width: 14.17%; padding: 0px 5px; height: 24px;\">Condizioni di conservazione<\/td>\n<td style=\"width: 41.9702%; padding: 0px 5px; height: 24px;\">Conservare sigillato, in luogo fresco e asciutto.<\/td>\n<\/tr>\n<\/tbody>\n<\/table>\n<div class=\"_tableContainer_16hzy_1\">\n<h3 data-start=\"1771\" data-end=\"1793\">Perch\u00e9 scegliere Yuiyto: perch\u00e9<\/h3>\n<ul>\n<li data-start=\"1419\" data-end=\"1497\">\n<p data-start=\"1421\" data-end=\"1497\"><strong data-start=\"1421\" data-end=\"1441\">Fonte Assicurazione<\/strong>: Radici di liquirizia premium dalla Cina con fornitura stabile<\/p>\n<\/li>\n<li data-start=\"1498\" data-end=\"1592\">\n<p data-start=\"1500\" data-end=\"1592\"><strong data-start=\"1500\" data-end=\"1523\">Estrazione avanzata<\/strong>: Processo a bassa temperatura e controllato da HPLC per mantenere la bioattivit\u00e0<\/p>\n<\/li>\n<li data-start=\"1593\" data-end=\"1658\">\n<p data-start=\"1595\" data-end=\"1658\"><strong data-start=\"1595\" data-end=\"1620\">Certificazioni globali<\/strong>: Conformit\u00e0 GMP, ISO, HALAL, KOSHER<\/p>\n<\/li>\n<li data-start=\"1659\" data-end=\"1753\">\n<p data-start=\"1661\" data-end=\"1753\"><strong data-start=\"1661\" data-end=\"1681\">Competenza nell'esportazione<\/strong>: Comprovata esperienza nel servire l'UE, il Nord America e il Sud-Est asiatico.<\/p>\n<\/li>\n<li data-start=\"1754\" data-end=\"1826\">\n<p data-start=\"1756\" data-end=\"1826\"><strong data-start=\"1756\" data-end=\"1778\">Soluzioni su misura<\/strong>: Specifiche personalizzate disponibili su richiesta<\/p>\n<\/li>\n<\/ul>\n<h3 class=\"_tableWrapper_16hzy_14 group flex w-fit flex-col-reverse\" tabindex=\"-1\">Funzioni e applicazioni: funzioni e applicazioni<\/h3>\n<\/div>\n<ul>\n<li data-start=\"2505\" data-end=\"2589\">\n<p data-start=\"2507\" data-end=\"2589\"><strong data-start=\"2507\" data-end=\"2534\">Sbiancamento e schiaritura<\/strong>: Inibisce l'attivit\u00e0 della tirosinasi per ridurre la pigmentazione.<\/p>\n<\/li>\n<li data-start=\"2590\" data-end=\"2674\">\n<p data-start=\"2592\" data-end=\"2674\"><strong data-start=\"2592\" data-end=\"2613\">Antinfiammatorio<\/strong>: Lenisce la pelle irritata o sensibile nelle creme e nelle lozioni.<\/p>\n<\/li>\n<li data-start=\"2675\" data-end=\"2745\">\n<p data-start=\"2677\" data-end=\"2745\"><strong data-start=\"2677\" data-end=\"2691\">Anti-invecchiamento<\/strong>: Protezione antiossidante contro i danni dei radicali liberi<\/p>\n<\/li>\n<li data-start=\"2746\" data-end=\"2831\">\n<p data-start=\"2748\" data-end=\"2831\"><strong data-start=\"2748\" data-end=\"2773\">Uso multiformulazione<\/strong>: Ideale per sieri, creme, maschere e trattamenti avanzati per la pelle<\/p>\n<\/li>\n<\/ul>\n<h3 data-start=\"3286\" data-end=\"3306\">Vantaggi principali\uff1aIl prodotto \u00e8 stato realizzato in modo da<\/h3>\n<ul>\n<li data-start=\"2856\" data-end=\"2906\">\n<p data-start=\"2858\" data-end=\"2906\">L'elevata purezza (\u226597%) garantisce un'efficacia costante<\/p>\n<\/li>\n<li data-start=\"2907\" data-end=\"2989\">\n<p data-start=\"2909\" data-end=\"2989\">Effetti bioattivi comprovati nei cosmetici (sbiancanti, antinfiammatori, lenitivi)<\/p>\n<\/li>\n<li data-start=\"2990\" data-end=\"3051\">\n<p data-start=\"2992\" data-end=\"3051\">Forte vantaggio in termini di esportazioni con conformit\u00e0 alle normative globali<\/p>\n<\/li>\n<li data-start=\"3052\" data-end=\"3104\">\n<p data-start=\"3054\" data-end=\"3104\">Catena di fornitura affidabile e prezzi diretti di fabbrica<\/p>\n<\/li>\n<\/ul>\n<div class=\"accordion\">\n\t<div id=\"accordion-1491518628\" class=\"accordion-item\">\n\t\t<a id=\"accordion-1491518628-label\" class=\"accordion-title plain\" href=\"#accordion-item-purchase-guidelines\" aria-expanded=\"false\" aria-controls=\"accordion-1491518628-content\">\n\t\t\t<button class=\"toggle\" aria-label=\"Attiva\/Disattiva\"><i class=\"icon-angle-down\" aria-hidden=\"true\"><\/i><\/button>\n\t\t\t<span>Linee guida per l'acquisto<\/span>\n\t\t<\/a>\n\t\t<div id=\"accordion-1491518628-content\" class=\"accordion-inner\" aria-labelledby=\"accordion-1491518628-label\">\n\t\t\t\n<p data-start=\"3137\" data-end=\"3225\">La scelta del giusto grado di Acido 18\u03b2-Glicirretinico dipende dalle esigenze applicative:<\/p>\n<div style=\"overflow-x: auto; margin-top: 20px;\">\n<table style=\"border-collapse: collapse; width: 100%; min-width: 600px; text-align: left;\" border=\"1\" cellspacing=\"0\" cellpadding=\"8\">\n<thead style=\"background-color: #f2f2f2;\">\n<tr>\n<th>Grado del prodotto<\/th>\n<th>La purezza<\/th>\n<th>Il migliore per<\/th>\n<th>Considerazioni chiave<\/th>\n<\/tr>\n<\/thead>\n<tbody>\n<tr>\n<td><strong>Grado cosmetico \u226597% (questo prodotto)<\/strong><\/td>\n<td>\u226597%<\/td>\n<td>Formulazioni premium per la cura e lo sbiancamento della pelle<\/td>\n<td>Costo e prestazioni equilibrati, ampiamente utilizzati in creme, sieri e maschere<\/td>\n<\/tr>\n<tr>\n<td><strong>Grado alimentare\/ farmaceutico \u226599%<\/strong><\/td>\n<td>\u226599%<\/td>\n<td>Integratori alimentari, prodotti farmaceutici<\/td>\n<td>Purezza pi\u00f9 elevata, requisiti di conformit\u00e0 pi\u00f9 severi<\/td>\n<\/tr>\n<tr>\n<td><strong>Grado industriale \u226590%<\/strong><\/td>\n<td>\u226590%<\/td>\n<td>Ricerca, uso su scala pilota<\/td>\n<td>Costo inferiore ma convalida limitata della sicurezza cosmetica<\/td>\n<\/tr>\n<\/tbody>\n<\/table>\n<\/div>\n<p data-start=\"3766\" data-end=\"3788\"><strong data-start=\"3766\" data-end=\"3786\">Suggerimenti per gli acquirenti:<\/strong><\/p>\n<ul data-start=\"3789\" data-end=\"4141\">\n<li data-start=\"3789\" data-end=\"3868\">\n<p data-start=\"3791\" data-end=\"3868\">Selezionare <strong data-start=\"3798\" data-end=\"3821\">Grado cosmetico \u226597%<\/strong> per formulazioni stabili ed efficaci per il trattamento della pelle.<\/p>\n<\/li>\n<li data-start=\"3869\" data-end=\"3953\">\n<p data-start=\"3871\" data-end=\"3953\">Verificare la conformit\u00e0 alle normative cosmetiche della propria regione (UE, USA, ASEAN, ecc.).<\/p>\n<\/li>\n<li data-start=\"3954\" data-end=\"4035\">\n<p data-start=\"3956\" data-end=\"4035\">Per ordini in blocco, <strong data-start=\"3973\" data-end=\"3988\">Fusti da 25 kg<\/strong> sono convenienti e ottimizzati per l'esportazione.<\/p>\n<\/li>\n<li data-start=\"4036\" data-end=\"4141\">\n<p data-start=\"4038\" data-end=\"4141\">Yuiyto fornisce <strong data-start=\"4054\" data-end=\"4092\">COA, MSDS e documenti tecnici<\/strong> con ogni lotto per uno sdoganamento senza problemi.<\/p>\n<\/li>\n<\/ul>\n\t\t<\/div>\n\t<\/div>\n\t\n\t<div id=\"accordion-1229661552\" class=\"accordion-item\">\n\t\t<a id=\"accordion-1229661552-label\" class=\"accordion-title plain\" href=\"#accordion-item-shipping-&#038;-payment\" aria-expanded=\"false\" aria-controls=\"accordion-1229661552-content\">\n\t\t\t<button class=\"toggle\" aria-label=\"Attiva\/Disattiva\"><i class=\"icon-angle-down\" aria-hidden=\"true\"><\/i><\/button>\n\t\t\t<span>Spedizione e pagamento<\/span>\n\t\t<\/a>\n\t\t<div id=\"accordion-1229661552-content\" class=\"accordion-inner\" aria-labelledby=\"accordion-1229661552-label\">\n\t\t\t\n<ul>\n<li data-start=\"4203\" data-end=\"4281\">\n<p data-start=\"4205\" data-end=\"4281\"><strong data-start=\"4205\" data-end=\"4218\">Tempi di consegna<\/strong>7-10 giorni per gli articoli in stock; 2-3 settimane per gli ordini personalizzati.<\/p>\n<\/li>\n<li data-start=\"4282\" data-end=\"4367\">\n<p data-start=\"4284\" data-end=\"4367\"><strong data-start=\"4284\" data-end=\"4291\">MOQ<\/strong>: 1 kg (ordine campione); sconti per grandi quantit\u00e0 a partire da fusti da 25 kg.<\/p>\n<\/li>\n<li data-start=\"4368\" data-end=\"4576\">\n<p data-start=\"4370\" data-end=\"4393\"><strong data-start=\"4370\" data-end=\"4390\">Opzioni di spedizione<\/strong>:<\/p>\n<ul data-start=\"4396\" data-end=\"4576\">\n<li data-start=\"4396\" data-end=\"4457\">\n<p data-start=\"4398\" data-end=\"4457\">Espresso (DHL\/UPS\/FedEx): 5-7 giorni per ordini di piccolo volume<\/p>\n<\/li>\n<li data-start=\"4460\" data-end=\"4514\">\n<p data-start=\"4462\" data-end=\"4514\">Trasporto aereo: 7-12 giorni per spedizioni di medio volume<\/p>\n<\/li>\n<li data-start=\"4517\" data-end=\"4576\">\n<p data-start=\"4519\" data-end=\"4576\">Trasporto marittimo: 20-35 giorni per carichi alla rinfusa (economicamente vantaggioso)<\/p>\n<\/li>\n<\/ul>\n<\/li>\n<li data-start=\"4577\" data-end=\"4663\">\n<p data-start=\"4579\" data-end=\"4663\"><strong data-start=\"4579\" data-end=\"4592\">Imballaggio<\/strong>: Sacchetto in foglio di alluminio per l'esportazione (1 kg) o fusto in fibra (25 kg).<\/p>\n<\/li>\n<li data-start=\"4664\" data-end=\"4782\">\n<p data-start=\"4666\" data-end=\"4782\"><strong data-start=\"4666\" data-end=\"4683\">Termini di pagamento<\/strong>: Trasferimento telegrafico (T\/T), PayPal e Western Union; L\/C a vista disponibile per grandi ordini.<\/p>\n<\/li>\n<li data-start=\"4783\" data-end=\"4881\">\n<p data-start=\"4785\" data-end=\"4881\"><strong data-start=\"4785\" data-end=\"4807\">Documenti forniti<\/strong>: COA, MSDS, lista di imballaggio, fattura e documentazione di sdoganamento.<\/p>\n<\/li>\n<\/ul>\n\t\t<\/div>\n\t<\/div>\n\t\n<\/div>","protected":false},"excerpt":{"rendered":"<p data-start=\"319\" data-end=\"628\">L'Acido 18\u03b2-Glicirretinico (\u226597%) \u00e8 un composto attivo di elevata purezza derivato dalla radice di liquirizia, ampiamente riconosciuto per i suoi benefici sbiancanti, antinfiammatori e lenitivi sulla pelle. Yuiyto fornisce una fornitura diretta dalla fabbrica con processi di estrazione raffinati per garantire prestazioni costanti per le formulazioni cosmetiche.<\/p>\n<ul data-start=\"630\" data-end=\"821\">\n<li data-start=\"630\" data-end=\"681\">\n<p data-start=\"632\" data-end=\"681\">Prezzi diretti in fabbrica per un approvvigionamento competitivo<\/p>\n<\/li>\n<li data-start=\"682\" data-end=\"728\">\n<p data-start=\"684\" data-end=\"728\">Origine cinese, fornitura di radice di liquirizia di prima qualit\u00e0<\/p>\n<\/li>\n<li data-start=\"729\" data-end=\"775\">\n<p data-start=\"731\" data-end=\"775\">Processo di estrazione raffinato per una purezza \u226597%<\/p>\n<\/li>\n<li data-start=\"776\" data-end=\"821\">\n<p data-start=\"778\" data-end=\"821\">Imballaggi pronti per l'esportazione per i mercati globali<\/p>\n<\/li>\n<\/ul>","protected":false},"featured_media":1585,"comment_status":"open","ping_status":"closed","template":"","meta":[],"product_brand":[],"product_cat":[69],"product_tag":[77],"class_list":{"0":"post-1754","1":"product","2":"type-product","3":"status-publish","4":"has-post-thumbnail","6":"product_cat-herbal-extracts","7":"product_tag-cosmetic-grade","9":"first","10":"instock","11":"shipping-taxable","12":"product-type-simple"},"_links":{"self":[{"href":"https:\/\/yuiyto.com\/it\/wp-json\/wp\/v2\/product\/1754","targetHints":{"allow":["GET"]}}],"collection":[{"href":"https:\/\/yuiyto.com\/it\/wp-json\/wp\/v2\/product"}],"about":[{"href":"https:\/\/yuiyto.com\/it\/wp-json\/wp\/v2\/types\/product"}],"replies":[{"embeddable":true,"href":"https:\/\/yuiyto.com\/it\/wp-json\/wp\/v2\/comments?post=1754"}],"wp:featuredmedia":[{"embeddable":true,"href":"https:\/\/yuiyto.com\/it\/wp-json\/wp\/v2\/media\/1585"}],"wp:attachment":[{"href":"https:\/\/yuiyto.com\/it\/wp-json\/wp\/v2\/media?parent=1754"}],"wp:term":[{"taxonomy":"product_brand","embeddable":true,"href":"https:\/\/yuiyto.com\/it\/wp-json\/wp\/v2\/product_brand?post=1754"},{"taxonomy":"product_cat","embeddable":true,"href":"https:\/\/yuiyto.com\/it\/wp-json\/wp\/v2\/product_cat?post=1754"},{"taxonomy":"product_tag","embeddable":true,"href":"https:\/\/yuiyto.com\/it\/wp-json\/wp\/v2\/product_tag?post=1754"}],"curies":[{"name":"wp","href":"https:\/\/api.w.org\/{rel}","templated":true}]}}